{"id":149,"date":"2021-07-25T05:12:11","date_gmt":"2021-07-25T04:12:11","guid":{"rendered":"http:\/\/ranamedical.co.uk\/?page_id=149"},"modified":"2022-01-24T17:37:48","modified_gmt":"2022-01-24T17:37:48","slug":"about-us","status":"publish","type":"page","link":"https:\/\/ranamedical.co.uk\/tr\/about-us\/","title":{"rendered":"Hakk\u0131m\u0131zda"},"content":{"rendered":"<div data-elementor-type=\"wp-page\" data-elementor-id=\"149\" class=\"elementor elementor-149\">\n\t\t\t\t\t\t<section class=\"elementor-section elementor-top-section elementor-element elementor-element-3370dbc elementor-section-boxed elementor-section-height-default elementor-section-height-default\" data-id=\"3370dbc\" data-element_type=\"section\">\n\t\t\t\t\t\t<div class=\"elementor-container elementor-column-gap-default\">\n\t\t\t\t\t<div class=\"elementor-column elementor-col-100 elementor-top-column elementor-element elementor-element-c329651\" data-id=\"c329651\" data-element_type=\"column\">\n\t\t\t<div class=\"elementor-widget-wrap elementor-element-populated\">\n\t\t\t\t\t\t<section class=\"elementor-section elementor-inner-section elementor-element elementor-element-fd096bf elementor-section-full_width elementor-reverse-tablet elementor-reverse-mobile elementor-section-height-default elementor-section-height-default\" data-id=\"fd096bf\" data-element_type=\"section\">\n\t\t\t\t\t\t<div class=\"elementor-container elementor-column-gap-default\">\n\t\t\t\t\t<div class=\"elementor-column elementor-col-50 elementor-inner-column elementor-element elementor-element-d8efe89\" data-id=\"d8efe89\" data-element_type=\"column\">\n\t\t\t<div class=\"elementor-widget-wrap elementor-element-populated\">\n\t\t\t\t\t\t<div class=\"elementor-element elementor-element-8b8234f elementor-widget elementor-widget-heading\" data-id=\"8b8234f\" data-element_type=\"widget\" data-widget_type=\"heading.default\">\n\t\t\t\t<div class=\"elementor-widget-container\">\n\t\t\t\t\t<h2 class=\"elementor-heading-title elementor-size-default\">HAKKIMIZDA<\/h2>\t\t\t\t<\/div>\n\t\t\t\t<\/div>\n\t\t\t\t<div class=\"elementor-element elementor-element-165f2ab elementor-widget elementor-widget-text-editor\" data-id=\"165f2ab\" data-element_type=\"widget\" data-widget_type=\"text-editor.default\">\n\t\t\t\t<div class=\"elementor-widget-container\">\n\t\t\t\t\t\t\t\t\t<p>\u00a0 \u00a0 \u00a0 \u00a0 Rana Medical Consultancy sa\u011fl\u0131k sorunlar\u0131n\u0131za size \u00f6zel \u00e7\u00f6z\u00fcmler sunmay\u0131 ama\u00e7layan Londra merkezli bir sa\u011fl\u0131k turizimi firmas\u0131d\u0131r. \u015eirketimiz di\u015f sa\u011fl\u0131\u011f\u0131, estetik, sa\u011fl\u0131k dan\u0131\u015fmanl\u0131\u011f\u0131, online beslenme dan\u0131\u015fmanl\u0131\u011f\u0131 ve online psikolojik dan\u0131\u015fmanl\u0131k hizmetleri sunmaktad\u0131r.<\/p><p>\u00a0 \u00a0 \u00a0 \u00a0 \u0130nsanlar\u0131n ihtiya\u00e7 duyduklar\u0131 sa\u011fl\u0131k hizmetine, ihtiya\u00e7 duyduklar\u0131 an ula\u015fabilmeleri gerekti\u011fini d\u00fc\u015f\u00fcn\u00fcyoruz ve sa\u011fl\u0131k hizmetinin her birey i\u00e7in \u00f6zel olarak planlanmas\u0131 ve sunulmas\u0131 gerekti\u011fine inan\u0131yoruz. Rana Medical Consultancy kaliteli sa\u011fl\u0131k hizmetini, bekleme olmaks\u0131z\u0131n, sunabilmek i\u00e7in T\u00fcrkiye'de ba\u015far\u0131l\u0131 doktor ve kliniklerle birlikte \u00e7al\u0131\u015fmaktad\u0131r.<\/p>\t\t\t\t\t\t\t\t<\/div>\n\t\t\t\t<\/div>\n\t\t\t\t<div class=\"elementor-element elementor-element-5453eb2 elementor-widget elementor-widget-heading\" data-id=\"5453eb2\" data-element_type=\"widget\" data-widget_type=\"heading.default\">\n\t\t\t\t<div class=\"elementor-widget-container\">\n\t\t\t\t\t<h2 class=\"elementor-heading-title elementor-size-default\"><span class=\"elementor-heading-title elementor-size-default elementor-inline-editing pen\" data-elementor-setting-key=\"title\" data-pen-placeholder=\"Type Here...\" style=\"font-size: 28px;font-style: normal\">NEDEN RANA MED\u0130CAL CONSULTANCY?<\/span><\/h2>\t\t\t\t<\/div>\n\t\t\t\t<\/div>\n\t\t\t\t<div class=\"elementor-element elementor-element-43847aa elementor-widget elementor-widget-text-editor\" data-id=\"43847aa\" data-element_type=\"widget\" data-widget_type=\"text-editor.default\">\n\t\t\t\t<div class=\"elementor-widget-container\">\n\t\t\t\t\t\t\t\t\t<ul><li>\u0130lk g\u00f6r\u00fc\u015fmeniz dahil olmak \u00fczere, b\u00fct\u00fcn karar a\u015famalar\u0131n\u0131zda ve tedavi s\u00fcre\u00e7lerinizde sa\u011fl\u0131k profesyoneli deste\u011fi.<\/li><li>Kaliteli ve \u00f6zel se\u00e7ilmi\u015f klinikler ve doktorlardan olu\u015fan profesyonel ekibimiz<\/li><li>Y\u00fcksek kaliteli ve uygun fiyatl\u0131 tedavi hizmetleri<\/li><li>Bekleme zaman\u0131 yok<\/li><li>Size \u00f6zel planlanm\u0131\u015f sa\u011fl\u0131k hizmeti<\/li><\/ul>\t\t\t\t\t\t\t\t<\/div>\n\t\t\t\t<\/div>\n\t\t\t\t<div class=\"elementor-element elementor-element-63edb6a elementor-widget elementor-widget-heading\" data-id=\"63edb6a\" data-element_type=\"widget\" data-widget_type=\"heading.default\">\n\t\t\t\t<div class=\"elementor-widget-container\">\n\t\t\t\t\t<h2 class=\"elementor-heading-title elementor-size-default\"><span class=\"elementor-heading-title elementor-size-default elementor-inline-editing pen\" data-elementor-setting-key=\"title\" data-pen-placeholder=\"Type Here...\" style=\"font-size: 28px;font-style: normal\">NEDEN T\u00dcRK\u0130YE?<\/span><\/h2>\t\t\t\t<\/div>\n\t\t\t\t<\/div>\n\t\t\t\t<div class=\"elementor-element elementor-element-0b33791 elementor-widget elementor-widget-text-editor\" data-id=\"0b33791\" data-element_type=\"widget\" data-widget_type=\"text-editor.default\">\n\t\t\t\t<div class=\"elementor-widget-container\">\n\t\t\t\t\t\t\t\t\t<ul><li>Nitelikli sa\u011fl\u0131k profesyonelleri<\/li><li>Sa\u011fl\u0131k turizmi alan\u0131nda d\u00fcnyada ilk \u00fc\u00e7 \u00fclkeden biri<\/li><li>Avrupa \u00fclkelerinin sa\u011fl\u0131k turizmi i\u00e7in en \u00e7ok tercih etti\u011fi \u00fclke<\/li><li>Son teknoloji cihazlar\u0131 kullanan, akredite sa\u011fl\u0131k kurulu\u015flar\u0131\u00a0<\/li><li>Uygun tedavi \u00fccretleri\u00a0<\/li><li>Tedavi ile ayn\u0131 zamanda g\u00fczel bir tatil ge\u00e7irme imkan\u0131<\/li><\/ul>\t\t\t\t\t\t\t\t<\/div>\n\t\t\t\t<\/div>\n\t\t\t\t<div class=\"elementor-element elementor-element-6b7491d elementor-widget elementor-widget-text-editor\" data-id=\"6b7491d\" data-element_type=\"widget\" data-widget_type=\"text-editor.default\">\n\t\t\t\t<div class=\"elementor-widget-container\">\n\t\t\t\t\t\t\t\t\t<p class=\"translation-block\">William Osler'in:\"\u0130yi doktor hastal\u0131klar\u0131 tedavi eder, En iyi doktor hastal\u0131\u011f\u0131 olan hastay\u0131 tedavi eder.\" s\u00f6z\u00fcnden ilham alarak; sizi bir hastane zincirinin halkas\u0131 olmaya de\u011fil, butik kliniklerimizde size \u00f6zel sa\u011fl\u0131k hizmeti almaya davet ediyoruz.<\/p>\t\t\t\t\t\t\t\t<\/div>\n\t\t\t\t<\/div>\n\t\t\t\t\t<\/div>\n\t\t<\/div>\n\t\t\t\t<div class=\"elementor-column elementor-col-50 elementor-inner-column elementor-element elementor-element-6df00cd\" data-id=\"6df00cd\" data-element_type=\"column\">\n\t\t\t<div class=\"elementor-widget-wrap elementor-element-populated\">\n\t\t\t\t\t\t<div class=\"elementor-element elementor-element-d090fbd elementor-widget elementor-widget-image\" data-id=\"d090fbd\" data-element_type=\"widget\" data-widget_type=\"image.default\">\n\t\t\t\t<div class=\"elementor-widget-container\">\n\t\t\t\t\t\t\t\t\t\t\t\t\t\t\t<img fetchpriority=\"high\" decoding=\"async\" width=\"800\" height=\"329\" src=\"https:\/\/ranamedical.co.uk\/wp-content\/uploads\/2022\/01\/AC264B75-1D84-42BB-B8B6-0C721A4D0861_4_5005_c.jpeg\" class=\"attachment-large size-large wp-image-1291\" alt=\"\" srcset=\"https:\/\/ranamedical.co.uk\/wp-content\/uploads\/2022\/01\/AC264B75-1D84-42BB-B8B6-0C721A4D0861_4_5005_c.jpeg 800w, https:\/\/ranamedical.co.uk\/wp-content\/uploads\/2022\/01\/AC264B75-1D84-42BB-B8B6-0C721A4D0861_4_5005_c-300x123.jpeg 300w, https:\/\/ranamedical.co.uk\/wp-content\/uploads\/2022\/01\/AC264B75-1D84-42BB-B8B6-0C721A4D0861_4_5005_c-768x316.jpeg 768w, https:\/\/ranamedical.co.uk\/wp-content\/uploads\/2022\/01\/AC264B75-1D84-42BB-B8B6-0C721A4D0861_4_5005_c-18x7.jpeg 18w, https:\/\/ranamedical.co.uk\/wp-content\/uploads\/2022\/01\/AC264B75-1D84-42BB-B8B6-0C721A4D0861_4_5005_c-705x290.jpeg 705w, https:\/\/ranamedical.co.uk\/wp-content\/uploads\/2022\/01\/AC264B75-1D84-42BB-B8B6-0C721A4D0861_4_5005_c-450x185.jpeg 450w\" sizes=\"(max-width: 800px) 100vw, 800px\" \/>\t\t\t\t\t\t\t\t\t\t\t\t\t\t\t<\/div>\n\t\t\t\t<\/div>\n\t\t\t\t\t<\/div>\n\t\t<\/div>\n\t\t\t\t\t<\/div>\n\t\t<\/section>\n\t\t\t\t\t<\/div>\n\t\t<\/div>\n\t\t\t\t\t<\/div>\n\t\t<\/section>\n\t\t\t\t<\/div>","protected":false},"excerpt":{"rendered":"<p>about us \u00a0 \u00a0 \u00a0 \u00a0 Rana Medical Consultancy is a London based medical tourism company aims to present solutions for personal medical needs.\u00a0Our company provides dental health, aesthetic and online (psychological and nutritional) services. \u00a0 \u00a0 \u00a0 \u00a0 We believe that treatment must be personalized and all individuals must be able to access quality [&hellip;]<\/p>","protected":false},"author":1,"featured_media":0,"parent":0,"menu_order":0,"comment_status":"closed","ping_status":"closed","template":"","meta":{"footnotes":""},"class_list":["post-149","page","type-page","status-publish","hentry"],"_links":{"self":[{"href":"https:\/\/ranamedical.co.uk\/tr\/wp-json\/wp\/v2\/pages\/149","targetHints":{"allow":["GET"]}}],"collection":[{"href":"https:\/\/ranamedical.co.uk\/tr\/wp-json\/wp\/v2\/pages"}],"about":[{"href":"https:\/\/ranamedical.co.uk\/tr\/wp-json\/wp\/v2\/types\/page"}],"author":[{"embeddable":true,"href":"https:\/\/ranamedical.co.uk\/tr\/wp-json\/wp\/v2\/users\/1"}],"replies":[{"embeddable":true,"href":"https:\/\/ranamedical.co.uk\/tr\/wp-json\/wp\/v2\/comments?post=149"}],"version-history":[{"count":34,"href":"https:\/\/ranamedical.co.uk\/tr\/wp-json\/wp\/v2\/pages\/149\/revisions"}],"predecessor-version":[{"id":1294,"href":"https:\/\/ranamedical.co.uk\/tr\/wp-json\/wp\/v2\/pages\/149\/revisions\/1294"}],"wp:attachment":[{"href":"https:\/\/ranamedical.co.uk\/tr\/wp-json\/wp\/v2\/media?parent=149"}],"curies":[{"name":"wp","href":"https:\/\/api.w.org\/{rel}","templated":true}]}}