{"id":406,"date":"2021-08-05T18:29:10","date_gmt":"2021-08-05T17:29:10","guid":{"rendered":"https:\/\/ranamedical.co.uk\/?page_id=406"},"modified":"2021-10-30T00:01:48","modified_gmt":"2021-10-29T23:01:48","slug":"antalya","status":"publish","type":"page","link":"https:\/\/ranamedical.co.uk\/tr\/antalya\/","title":{"rendered":"Antalya"},"content":{"rendered":"<div data-elementor-type=\"wp-page\" data-elementor-id=\"406\" class=\"elementor elementor-406\">\n\t\t\t\t\t\t<section class=\"elementor-section elementor-top-section elementor-element elementor-element-55e59bf1 elementor-section-boxed elementor-section-height-default elementor-section-height-default\" data-id=\"55e59bf1\" data-element_type=\"section\" data-settings=\"{&quot;background_background&quot;:&quot;classic&quot;}\">\n\t\t\t\t\t\t\t<div class=\"elementor-background-overlay\"><\/div>\n\t\t\t\t\t\t\t<div class=\"elementor-container elementor-column-gap-default\">\n\t\t\t\t\t<div class=\"elementor-column elementor-col-100 elementor-top-column elementor-element elementor-element-4c662df0 cities-header\" data-id=\"4c662df0\" data-element_type=\"column\">\n\t\t\t<div class=\"elementor-widget-wrap elementor-element-populated\">\n\t\t\t\t\t\t<div class=\"elementor-element elementor-element-59cf50d0 elementor-widget elementor-widget-heading\" data-id=\"59cf50d0\" data-element_type=\"widget\" data-widget_type=\"heading.default\">\n\t\t\t\t<div class=\"elementor-widget-container\">\n\t\t\t\t\t<h5 class=\"elementor-heading-title elementor-size-default\">CITIES<\/h5>\t\t\t\t<\/div>\n\t\t\t\t<\/div>\n\t\t\t\t<div class=\"elementor-element elementor-element-398d2775 elementor-widget elementor-widget-heading\" data-id=\"398d2775\" data-element_type=\"widget\" data-widget_type=\"heading.default\">\n\t\t\t\t<div class=\"elementor-widget-container\">\n\t\t\t\t\t<h2 class=\"elementor-heading-title elementor-size-default\">ANTALYA<\/h2>\t\t\t\t<\/div>\n\t\t\t\t<\/div>\n\t\t\t\t\t<\/div>\n\t\t<\/div>\n\t\t\t\t\t<\/div>\n\t\t<\/section>\n\t\t\t\t<section class=\"elementor-section elementor-top-section elementor-element elementor-element-a1e023a elementor-section-boxed elementor-section-height-default elementor-section-height-default\" data-id=\"a1e023a\" data-element_type=\"section\">\n\t\t\t\t\t\t<div class=\"elementor-container elementor-column-gap-default\">\n\t\t\t\t\t<div class=\"elementor-column elementor-col-100 elementor-top-column elementor-element elementor-element-ae895fc\" data-id=\"ae895fc\" data-element_type=\"column\">\n\t\t\t<div class=\"elementor-widget-wrap elementor-element-populated\">\n\t\t\t\t\t\t<div class=\"elementor-element elementor-element-a31483b elementor-widget elementor-widget-heading\" data-id=\"a31483b\" data-element_type=\"widget\" data-widget_type=\"heading.default\">\n\t\t\t\t<div class=\"elementor-widget-container\">\n\t\t\t\t\t<h2 class=\"elementor-heading-title elementor-size-default\">Why Antalya?<\/h2>\t\t\t\t<\/div>\n\t\t\t\t<\/div>\n\t\t\t\t<div class=\"elementor-element elementor-element-b22f7be elementor-widget elementor-widget-text-editor\" data-id=\"b22f7be\" data-element_type=\"widget\" data-widget_type=\"text-editor.default\">\n\t\t\t\t<div class=\"elementor-widget-container\">\n\t\t\t\t\t\t\t\t\t<p>\u00a0 \u00a0 \u00a0 \u00a0 Antalya is one of the most popular travel destinations around the world on the Mediterranean coast of Turkey. It is famous for its secluded beaches, mesmerizing mountains, and stunning landscape. This city has many breathtaking places which make millions of tourists visit it annually. A vast history of civilization can be witnessed in form of its historic sites. For people who are interested in history, there are significant historical attractions to discover in the city of Antalya. Favorable weather conditions make tourists visit this awesome city throughout the year.\u00a0<\/p><p>\u00a0 \u00a0 \u00a0 \u00a0 Why should travel to Antalya?\u00a0There are several reasons why travel enthusiasts put Antalya on their travel bucket list, few are discussed here.\u00a0<\/p><p>BEACHES<\/p><p>\u00a0 \u00a0 \u00a0 \u00a0 The magnificent beaches of Antalya attract a big number of tourists to itself. It is one of the rarest cities in the world where you can enjoy swimming in its rivers. Depending on preferences one can choose between overcrowded and secluded beaches. One of the best beaches is Lara Beach where people get the most relaxing experience by laying on its sands. Its clear water is safe to swim in as well. Besides Lara beach, one can enjoy a wonderful time on Cleopatra\u2019s, Kaputas, Patara, and Konyaalti too.<\/p><p>HISTORY<\/p><p>\u00a0 \u00a0 \u00a0 \u00a0 Starting from the old town of Kaleici which has an appealing collection of old mosques, Ottoman houses, a domineering clock tower, and a big historical entrance known as Hadrian\u2019s Gate, one can explore Antalya\u2019s vibrant history by visiting places like Phaselis,\u00a0 Aspendos,\u00a0 Myra, red tower and castle, Kekova sunken ruins and many more.\u00a0<\/p><p>LANDSCAPE<\/p><p>\u00a0 \u00a0 \u00a0 \u00a0 The formation of the landscape makes Antalya a unique tourist attraction. It is located across mountain Taurus, which is covered with pine tree forests. Nature lovers adore the stunning bays, waterfalls, and Rocky Mountains of Antalya. It\u2019s a perfect place for photographers to capture picture-postcard scenes. Waterfalls, sites like upper and lower Duden, Kursunlu, and\u00a0 Manavgat. Koprulu Canyon, Damlatas cave, and Dim River win the hearts of tourists.<\/p><p>HIKING<\/p><p>\u00a0 \u00a0 \u00a0 \u00a0 It is worth walking the Lycian Way when you come to Antalya if you are into hiking. Stretched for 500 kilometers it covers almost the entire coastline. Numerous campsites are also present on the site for tourist facilitation. Trekkers can also visit ruins and cities of ancient times along the route.\u00a0<\/p><p>GOLFING<\/p><p>\u00a0 \u00a0 \u00a0 \u00a0 Antalya hosts world-class championship tournaments on one of its kind, world-class, and ultramodern golf courses. Golf fans including world-famous golf players are attracted to play on Belek, one of the most popular golfing courses in Antalya, Turkey.<\/p><p>MOUTH WATERING FOOD<\/p><p>\u00a0 \u00a0 \u00a0 \u00a0 This city offers finger-licking foods to visitors. It ranges from traditional Turkish dishes to dishes having European and Asian influences. Meatball Skewers are a super hit and classic food of Antalya cuisine. Lavish breakfast, freshly grilled seafood, Baklawa, kebabs are some other best foods never to miss in Antalya.<\/p><p>INCREDIBLE HOTELS AND RESORTS<\/p><p>\u00a0 \u00a0 \u00a0 \u00a0 Antalya is home to the world&#8217;s best hotels and resorts. Water parks, beachfront resorts in these marvelous hotels themselves are not less than any tourist destination. Antalya has got Turkey\u2019s glamorous boutique hotels. In a nutshell, whether you are a natural beauty admirer or in search of history, Antalya is the best place to visit.<\/p>\t\t\t\t\t\t\t\t<\/div>\n\t\t\t\t<\/div>\n\t\t\t\t\t<\/div>\n\t\t<\/div>\n\t\t\t\t\t<\/div>\n\t\t<\/section>\n\t\t\t\t<section class=\"elementor-section elementor-top-section elementor-element elementor-element-600eb1c elementor-section-boxed elementor-section-height-default elementor-section-height-default\" data-id=\"600eb1c\" data-element_type=\"section\" data-settings=\"{&quot;background_background&quot;:&quot;classic&quot;}\">\n\t\t\t\t\t\t<div class=\"elementor-container elementor-column-gap-default\">\n\t\t\t\t\t<div class=\"elementor-column elementor-col-50 elementor-top-column elementor-element elementor-element-f7c0d42\" data-id=\"f7c0d42\" data-element_type=\"column\">\n\t\t\t<div class=\"elementor-widget-wrap elementor-element-populated\">\n\t\t\t\t\t\t<div class=\"elementor-element elementor-element-f05f7cf elementor-widget elementor-widget-image\" data-id=\"f05f7cf\" data-element_type=\"widget\" data-widget_type=\"image.default\">\n\t\t\t\t<div class=\"elementor-widget-container\">\n\t\t\t\t\t\t\t\t\t\t\t\t\t\t\t<img fetchpriority=\"high\" decoding=\"async\" width=\"800\" height=\"533\" src=\"https:\/\/ranamedical.co.uk\/wp-content\/uploads\/2021\/08\/doctor-antalya.jpg\" class=\"attachment-large size-large wp-image-417\" alt=\"\" srcset=\"https:\/\/ranamedical.co.uk\/wp-content\/uploads\/2021\/08\/doctor-antalya.jpg 800w, https:\/\/ranamedical.co.uk\/wp-content\/uploads\/2021\/08\/doctor-antalya-300x200.jpg 300w, https:\/\/ranamedical.co.uk\/wp-content\/uploads\/2021\/08\/doctor-antalya-768x512.jpg 768w, https:\/\/ranamedical.co.uk\/wp-content\/uploads\/2021\/08\/doctor-antalya-16x12.jpg 16w, https:\/\/ranamedical.co.uk\/wp-content\/uploads\/2021\/08\/doctor-antalya-705x470.jpg 705w, https:\/\/ranamedical.co.uk\/wp-content\/uploads\/2021\/08\/doctor-antalya-450x300.jpg 450w\" sizes=\"(max-width: 800px) 100vw, 800px\" \/>\t\t\t\t\t\t\t\t\t\t\t\t\t\t\t<\/div>\n\t\t\t\t<\/div>\n\t\t\t\t\t<\/div>\n\t\t<\/div>\n\t\t\t\t<div class=\"elementor-column elementor-col-50 elementor-top-column elementor-element elementor-element-fb3ffa1\" data-id=\"fb3ffa1\" data-element_type=\"column\">\n\t\t\t<div class=\"elementor-widget-wrap elementor-element-populated\">\n\t\t\t\t\t\t<div class=\"elementor-element elementor-element-edbb5d2 elementor-widget elementor-widget-heading\" data-id=\"edbb5d2\" data-element_type=\"widget\" data-widget_type=\"heading.default\">\n\t\t\t\t<div class=\"elementor-widget-container\">\n\t\t\t\t\t<h2 class=\"elementor-heading-title elementor-size-default\">Treatments In Antalya?<\/h2>\t\t\t\t<\/div>\n\t\t\t\t<\/div>\n\t\t\t\t<div class=\"elementor-element elementor-element-3b38cbd elementor-widget elementor-widget-text-editor\" data-id=\"3b38cbd\" data-element_type=\"widget\" data-widget_type=\"text-editor.default\">\n\t\t\t\t<div class=\"elementor-widget-container\">\n\t\t\t\t\t\t\t\t\t<p><span class=\"Apple-converted-space\">&nbsp; &nbsp; &nbsp; &nbsp; <\/span>Antalya is known for its state-of-the-art medical facilities and highly professional medical care system. Medical centres and clinics exist both in public as well as private sectors which amply cover all basic and advance fields of medical sciences. All major surgeries, organ &amp; hair transplants, dental treatment, and cosmetic surgery remain attractive fields for medical tourism from all over the world. Health tourism is flourishing in Antalya because of the affordability, professionalism, friendly and highly qualified staff, and high-end facilities.<\/p>\t\t\t\t\t\t\t\t<\/div>\n\t\t\t\t<\/div>\n\t\t\t\t\t<\/div>\n\t\t<\/div>\n\t\t\t\t\t<\/div>\n\t\t<\/section>\n\t\t\t\t<section class=\"elementor-section elementor-top-section elementor-element elementor-element-559ac7d6 elementor-section-content-middle elementor-section-boxed elementor-section-height-default elementor-section-height-default\" data-id=\"559ac7d6\" data-element_type=\"section\" data-settings=\"{&quot;background_background&quot;:&quot;classic&quot;}\">\n\t\t\t\t\t\t<div class=\"elementor-container elementor-column-gap-no\">\n\t\t\t\t\t<div class=\"elementor-column elementor-col-100 elementor-top-column elementor-element elementor-element-c2695ab\" data-id=\"c2695ab\" data-element_type=\"column\">\n\t\t\t<div class=\"elementor-widget-wrap elementor-element-populated\">\n\t\t\t\t\t\t<div class=\"elementor-element elementor-element-4793a06c elementor-invisible elementor-widget elementor-widget-heading\" data-id=\"4793a06c\" data-element_type=\"widget\" data-settings=\"{&quot;_animation&quot;:&quot;fadeIn&quot;}\" data-widget_type=\"heading.default\">\n\t\t\t\t<div class=\"elementor-widget-container\">\n\t\t\t\t\t<h2 class=\"elementor-heading-title elementor-size-default\">Other Cities<\/h2>\t\t\t\t<\/div>\n\t\t\t\t<\/div>\n\t\t\t\t<div class=\"elementor-element elementor-element-5d16036e elementor-widget-divider--view-line elementor-widget elementor-widget-divider\" data-id=\"5d16036e\" data-element_type=\"widget\" data-widget_type=\"divider.default\">\n\t\t\t\t<div class=\"elementor-widget-container\">\n\t\t\t\t\t\t\t<div class=\"elementor-divider\">\n\t\t\t<span class=\"elementor-divider-separator\">\n\t\t\t\t\t\t<\/span>\n\t\t<\/div>\n\t\t\t\t\t\t<\/div>\n\t\t\t\t<\/div>\n\t\t\t\t<div class=\"elementor-element elementor-element-5e92ddbf pictures-cities elementor-invisible elementor-widget elementor-widget-eael-image-accordion\" data-id=\"5e92ddbf\" data-element_type=\"widget\" data-settings=\"{&quot;_animation&quot;:&quot;pulse&quot;}\" data-widget_type=\"eael-image-accordion.default\">\n\t\t\t\t<div class=\"elementor-widget-container\">\n\t\t\t\t\t    <div class=\"eael-img-accordion accordion-direction-horizontal eael-img-accordion-horizontal-align-center eael-img-accordion-vertical-align-center\" id=\"eael-img-accordion-5e92ddbf\" data-img-accordion-id=\"5e92ddbf\" data-img-accordion-type=\"on-hover\">\n                    \n            <div class=\"eael-image-accordion-hover eael-image-accordion-item\" style=\"background-image: url(http:\/\/ranamedical.co.uk\/wp-content\/uploads\/2021\/07\/galata-4043037_640-1.jpg);\"  tabindex=\"0\">\n                <div class=\"overlay\">\n                    <div class=\"overlay-inner\">\n                        <a href=\"\/tr\/istanbul\/\"><h2 class=\"img-accordion-title\">Istanbul<\/h2><\/a>                            <p><p>Daha fazla bilgi i\u00e7in l\u00fctfen t\u0131klay\u0131n\u0131z<\/p><\/p>\n                                            <\/div>\n                <\/div>\n            <\/div>\n                    \n            <div class=\"eael-image-accordion-hover eael-image-accordion-item\" style=\"background-image: url(http:\/\/ranamedical.co.uk\/wp-content\/uploads\/2021\/07\/monument-471329_640-2.jpg);\"  tabindex=\"0\">\n                <div class=\"overlay\">\n                    <div class=\"overlay-inner\">\n                        <a href=\"\/tr\/ankara\/\"><h2 class=\"img-accordion-title\">Ankara<\/h2><\/a>                            <p><p>Daha fazla bilgi i\u00e7in l\u00fctfen t\u0131klay\u0131n\u0131z<\/p><\/p>\n                                            <\/div>\n                <\/div>\n            <\/div>\n                    \n            <div class=\"eael-image-accordion-hover eael-image-accordion-item\" style=\"background-image: url(http:\/\/ranamedical.co.uk\/wp-content\/uploads\/2021\/07\/izmir-116616_640.jpg);\"  tabindex=\"0\">\n                <div class=\"overlay\">\n                    <div class=\"overlay-inner\">\n                        <a href=\"\/tr\/izmir\/\"><h2 class=\"img-accordion-title\">Izmir<\/h2><\/a>                            <p><p>Daha fazla bilgi i\u00e7in l\u00fctfen t\u0131klay\u0131n\u0131z<\/p><\/p>\n                                            <\/div>\n                <\/div>\n            <\/div>\n                <\/div>\n        <style typr=\"text\/css\">\n                    #eael-img-accordion-5e92ddbf .eael-image-accordion-hover:hover {\n                        flex: 3 1 0% !important;\n                    }\n                    #eael-img-accordion-5e92ddbf .eael-image-accordion-hover:hover:hover .overlay-inner * {\n                        opacity: 1;\n                        visibility: visible;\n                        transform: none;\n                        transition: all .3s .3s;\n                    }\n                <\/style>\t\t\t\t<\/div>\n\t\t\t\t<\/div>\n\t\t\t\t\t<\/div>\n\t\t<\/div>\n\t\t\t\t\t<\/div>\n\t\t<\/section>\n\t\t\t\t<section class=\"elementor-section elementor-top-section elementor-element elementor-element-3a5d2619 elementor-section-content-middle elementor-section-boxed elementor-section-height-default elementor-section-height-default\" data-id=\"3a5d2619\" data-element_type=\"section\" data-settings=\"{&quot;background_background&quot;:&quot;classic&quot;}\">\n\t\t\t\t\t\t<div class=\"elementor-container elementor-column-gap-no\">\n\t\t\t\t\t<div class=\"elementor-column elementor-col-100 elementor-top-column elementor-element elementor-element-67142039\" data-id=\"67142039\" data-element_type=\"column\">\n\t\t\t<div class=\"elementor-widget-wrap elementor-element-populated\">\n\t\t\t\t\t\t<div class=\"elementor-element elementor-element-79eaecad elementor-invisible elementor-widget elementor-widget-heading\" data-id=\"79eaecad\" data-element_type=\"widget\" data-settings=\"{&quot;_animation&quot;:&quot;fadeIn&quot;}\" data-widget_type=\"heading.default\">\n\t\t\t\t<div class=\"elementor-widget-container\">\n\t\t\t\t\t<h2 class=\"elementor-heading-title elementor-size-default\">Tedaviler<\/h2>\t\t\t\t<\/div>\n\t\t\t\t<\/div>\n\t\t\t\t<div class=\"elementor-element elementor-element-5d4bc860 elementor-widget-divider--view-line elementor-widget elementor-widget-divider\" data-id=\"5d4bc860\" data-element_type=\"widget\" data-widget_type=\"divider.default\">\n\t\t\t\t<div class=\"elementor-widget-container\">\n\t\t\t\t\t\t\t<div class=\"elementor-divider\">\n\t\t\t<span class=\"elementor-divider-separator\">\n\t\t\t\t\t\t<\/span>\n\t\t<\/div>\n\t\t\t\t\t\t<\/div>\n\t\t\t\t<\/div>\n\t\t\t\t<div class=\"elementor-element elementor-element-22fa968b pictures-cities elementor-widget elementor-widget-eael-image-accordion\" data-id=\"22fa968b\" data-element_type=\"widget\" data-widget_type=\"eael-image-accordion.default\">\n\t\t\t\t<div class=\"elementor-widget-container\">\n\t\t\t\t\t    <div class=\"eael-img-accordion accordion-direction-horizontal eael-img-accordion-horizontal-align-center eael-img-accordion-vertical-align-center\" id=\"eael-img-accordion-22fa968b\" data-img-accordion-id=\"22fa968b\" data-img-accordion-type=\"on-hover\">\n                    \n            <div class=\"eael-image-accordion-hover eael-image-accordion-item\" style=\"background-image: url(https:\/\/ranamedical.co.uk\/wp-content\/uploads\/2021\/08\/dentist.jpg);\"  tabindex=\"0\">\n                <div class=\"overlay\">\n                    <div class=\"overlay-inner\">\n                        <a href=\"\/tr\/dental-care\/\"><h2 class=\"img-accordion-title\">Di\u015f Tedavileri<\/h2><\/a>                            <p><p>Daha fazla bilgi i\u00e7in l\u00fctfen t\u0131klay\u0131n\u0131z<\/p><\/p>\n                                            <\/div>\n                <\/div>\n            <\/div>\n                    \n            <div class=\"eael-image-accordion-hover eael-image-accordion-item\" style=\"background-image: url(https:\/\/ranamedical.co.uk\/wp-content\/uploads\/2021\/08\/aesthetics.jpg);\"  tabindex=\"0\">\n                <div class=\"overlay\">\n                    <div class=\"overlay-inner\">\n                        <a href=\"\/tr\/aesthetics\/\"><h2 class=\"img-accordion-title\">Estetik<\/h2><\/a>                            <p><p>Daha fazla bilgi i\u00e7in l\u00fctfen t\u0131klay\u0131n\u0131z<\/p><\/p>\n                                            <\/div>\n                <\/div>\n            <\/div>\n                    \n            <div class=\"eael-image-accordion-hover eael-image-accordion-item\" style=\"background-image: url(https:\/\/ranamedical.co.uk\/wp-content\/uploads\/2021\/08\/nutrition.jpg);\"  tabindex=\"0\">\n                <div class=\"overlay\">\n                    <div class=\"overlay-inner\">\n                        <a href=\"\/tr\/nutrition-counselling\/\"><h2 class=\"img-accordion-title\">Online Beslenme Dan\u0131\u015fmanl\u0131\u011f\u0131<\/h2><\/a>                            <p><p>Daha fazla bilgi i\u00e7in l\u00fctfen t\u0131klay\u0131n\u0131z<\/p><\/p>\n                                            <\/div>\n                <\/div>\n            <\/div>\n                    \n            <div class=\"eael-image-accordion-hover eael-image-accordion-item\" style=\"background-image: url(https:\/\/ranamedical.co.uk\/wp-content\/uploads\/2021\/08\/psychology.jpg);\"  tabindex=\"0\">\n                <div class=\"overlay\">\n                    <div class=\"overlay-inner\">\n                        <a href=\"\/tr\/psychological-counselling\/\"><h2 class=\"img-accordion-title\">Online psikolojik dan\u0131\u015fmanl\u0131k<\/h2><\/a>                            <p><p>Daha fazla bilgi i\u00e7in l\u00fctfen t\u0131klay\u0131n\u0131z<\/p><\/p>\n                                            <\/div>\n                <\/div>\n            <\/div>\n                <\/div>\n        <style typr=\"text\/css\">\n                    #eael-img-accordion-22fa968b .eael-image-accordion-hover:hover {\n                        flex: 3 1 0% !important;\n                    }\n                    #eael-img-accordion-22fa968b .eael-image-accordion-hover:hover:hover .overlay-inner * {\n                        opacity: 1;\n                        visibility: visible;\n                        transform: none;\n                        transition: all .3s .3s;\n                    }\n                <\/style>\t\t\t\t<\/div>\n\t\t\t\t<\/div>\n\t\t\t\t\t<\/div>\n\t\t<\/div>\n\t\t\t\t\t<\/div>\n\t\t<\/section>\n\t\t\t\t<\/div>","protected":false},"excerpt":{"rendered":"<p>CITIES ANTALYA Why Antalya? \u00a0 \u00a0 \u00a0 \u00a0 Antalya is one of the most popular travel destinations around the world on the Mediterranean coast of Turkey. It is famous for its secluded beaches, mesmerizing mountains, and stunning landscape. This city has many breathtaking places which make millions of tourists visit it annually. A vast history [&hellip;]<\/p>","protected":false},"author":1,"featured_media":0,"parent":0,"menu_order":0,"comment_status":"closed","ping_status":"closed","template":"elementor_header_footer","meta":{"footnotes":""},"class_list":["post-406","page","type-page","status-publish","hentry"],"_links":{"self":[{"href":"https:\/\/ranamedical.co.uk\/tr\/wp-json\/wp\/v2\/pages\/406","targetHints":{"allow":["GET"]}}],"collection":[{"href":"https:\/\/ranamedical.co.uk\/tr\/wp-json\/wp\/v2\/pages"}],"about":[{"href":"https:\/\/ranamedical.co.uk\/tr\/wp-json\/wp\/v2\/types\/page"}],"author":[{"embeddable":true,"href":"https:\/\/ranamedical.co.uk\/tr\/wp-json\/wp\/v2\/users\/1"}],"replies":[{"embeddable":true,"href":"https:\/\/ranamedical.co.uk\/tr\/wp-json\/wp\/v2\/comments?post=406"}],"version-history":[{"count":70,"href":"https:\/\/ranamedical.co.uk\/tr\/wp-json\/wp\/v2\/pages\/406\/revisions"}],"predecessor-version":[{"id":1245,"href":"https:\/\/ranamedical.co.uk\/tr\/wp-json\/wp\/v2\/pages\/406\/revisions\/1245"}],"wp:attachment":[{"href":"https:\/\/ranamedical.co.uk\/tr\/wp-json\/wp\/v2\/media?parent=406"}],"curies":[{"name":"wp","href":"https:\/\/api.w.org\/{rel}","templated":true}]}}