{"id":672,"date":"2021-08-09T19:12:35","date_gmt":"2021-08-09T18:12:35","guid":{"rendered":"https:\/\/ranamedical.co.uk\/?page_id=672"},"modified":"2021-10-30T00:17:14","modified_gmt":"2021-10-29T23:17:14","slug":"treatments","status":"publish","type":"page","link":"https:\/\/ranamedical.co.uk\/tr\/treatments\/","title":{"rendered":"Tedaviler"},"content":{"rendered":"<div data-elementor-type=\"wp-page\" data-elementor-id=\"672\" class=\"elementor elementor-672\">\n\t\t\t\t\t\t<section class=\"elementor-section elementor-top-section elementor-element elementor-element-55e59bf1 elementor-section-boxed elementor-section-height-default elementor-section-height-default\" data-id=\"55e59bf1\" data-element_type=\"section\" data-settings=\"{&quot;background_background&quot;:&quot;classic&quot;}\">\n\t\t\t\t\t\t\t<div class=\"elementor-background-overlay\"><\/div>\n\t\t\t\t\t\t\t<div class=\"elementor-container elementor-column-gap-default\">\n\t\t\t\t\t<div class=\"elementor-column elementor-col-100 elementor-top-column elementor-element elementor-element-4c662df0 treatments-header\" data-id=\"4c662df0\" data-element_type=\"column\">\n\t\t\t<div class=\"elementor-widget-wrap elementor-element-populated\">\n\t\t\t\t\t\t<div class=\"elementor-element elementor-element-59cf50d0 elementor-widget elementor-widget-heading\" data-id=\"59cf50d0\" data-element_type=\"widget\" data-widget_type=\"heading.default\">\n\t\t\t\t<div class=\"elementor-widget-container\">\n\t\t\t\t\t<h5 class=\"elementor-heading-title elementor-size-default\">TEDAV\u0130 H\u0130ZMETLER\u0130<\/h5>\t\t\t\t<\/div>\n\t\t\t\t<\/div>\n\t\t\t\t<div class=\"elementor-element elementor-element-398d2775 elementor-widget elementor-widget-heading\" data-id=\"398d2775\" data-element_type=\"widget\" data-widget_type=\"heading.default\">\n\t\t\t\t<div class=\"elementor-widget-container\">\n\t\t\t\t\t<h2 class=\"elementor-heading-title elementor-size-default\">TEDAV\u0130 H\u0130ZMETLER\u0130<\/h2>\t\t\t\t<\/div>\n\t\t\t\t<\/div>\n\t\t\t\t\t<\/div>\n\t\t<\/div>\n\t\t\t\t\t<\/div>\n\t\t<\/section>\n\t\t\t\t<section class=\"elementor-section elementor-top-section elementor-element elementor-element-a1e023a elementor-section-boxed elementor-section-height-default elementor-section-height-default\" data-id=\"a1e023a\" data-element_type=\"section\">\n\t\t\t\t\t\t<div class=\"elementor-container elementor-column-gap-default\">\n\t\t\t\t\t<div class=\"elementor-column elementor-col-100 elementor-top-column elementor-element elementor-element-ae895fc\" data-id=\"ae895fc\" data-element_type=\"column\">\n\t\t\t<div class=\"elementor-widget-wrap elementor-element-populated\">\n\t\t\t\t\t\t<div class=\"elementor-element elementor-element-a31483b elementor-invisible elementor-widget elementor-widget-heading\" data-id=\"a31483b\" data-element_type=\"widget\" data-settings=\"{&quot;_animation&quot;:&quot;fadeIn&quot;}\" data-widget_type=\"heading.default\">\n\t\t\t\t<div class=\"elementor-widget-container\">\n\t\t\t\t\t<h2 class=\"elementor-heading-title elementor-size-default\">Tedavi Hizmetlerimiz Hakk\u0131nda<\/h2>\t\t\t\t<\/div>\n\t\t\t\t<\/div>\n\t\t\t\t<div class=\"elementor-element elementor-element-b22f7be elementor-invisible elementor-widget elementor-widget-text-editor\" data-id=\"b22f7be\" data-element_type=\"widget\" data-settings=\"{&quot;_animation&quot;:&quot;fadeIn&quot;}\" data-widget_type=\"text-editor.default\">\n\t\t\t\t<div class=\"elementor-widget-container\">\n\t\t\t\t\t\t\t\t\t<p>\u00a0 \u00a0 \u00a0 \u00a0 Her insan\u0131n akl\u0131nda sa\u011fl\u0131kla ilgili sorular vard\u0131r. Bizim tedavi anlay\u0131\u015f\u0131m\u0131z\u0131n en temel basama\u011f\u0131, sorular\u0131n\u0131z\u0131n cevab\u0131na ula\u015fman\u0131z ve kendinizi g\u00fcvende hissetmenizdir. \u0130htiyac\u0131n\u0131z oldu\u011fu her zaman, b\u00fct\u00fcn bran\u015flarda, uzman doktorlar\u0131m\u0131za sa\u011fl\u0131\u011f\u0131n\u0131z\u0131 ve sorular\u0131n\u0131z\u0131 dan\u0131\u015fabilirsiniz.<\/p><p>\u00a0 \u00a0 \u00a0 \u00a0 Bizimle ileti\u015fime ge\u00e7ti\u011finizde, ilk g\u00f6r\u00fc\u015fmeniz doktorlar\u0131m\u0131z taraf\u0131ndan ger\u00e7ekle\u015ftirilir. Doktorunuz ile yapaca\u011f\u0131n\u0131z g\u00f6r\u00fc\u015fme sonras\u0131, ihtiyac\u0131n\u0131z olan uzmanl\u0131k bran\u015flar\u0131 belirlenir. Belirlenen bran\u015f uzman\u0131 ile birlikte yap\u0131lan de\u011ferlendirmeler ile merak etti\u011finiz konularda bilgilendirilirsiniz ve tedavi uygun g\u00f6r\u00fclmesi durumunda size \u00f6zel program belirlenir.<\/p><p>\u00a0<\/p>\t\t\t\t\t\t\t\t<\/div>\n\t\t\t\t<\/div>\n\t\t\t\t\t<\/div>\n\t\t<\/div>\n\t\t\t\t\t<\/div>\n\t\t<\/section>\n\t\t\t\t<section class=\"elementor-section elementor-top-section elementor-element elementor-element-3a5d2619 elementor-section-content-middle elementor-section-boxed elementor-section-height-default elementor-section-height-default\" data-id=\"3a5d2619\" data-element_type=\"section\" data-settings=\"{&quot;background_background&quot;:&quot;classic&quot;}\">\n\t\t\t\t\t\t<div class=\"elementor-container elementor-column-gap-no\">\n\t\t\t\t\t<div class=\"elementor-column elementor-col-100 elementor-top-column elementor-element elementor-element-67142039\" data-id=\"67142039\" data-element_type=\"column\">\n\t\t\t<div class=\"elementor-widget-wrap elementor-element-populated\">\n\t\t\t\t\t\t<div class=\"elementor-element elementor-element-79eaecad elementor-invisible elementor-widget elementor-widget-heading\" data-id=\"79eaecad\" data-element_type=\"widget\" data-settings=\"{&quot;_animation&quot;:&quot;fadeIn&quot;}\" data-widget_type=\"heading.default\">\n\t\t\t\t<div class=\"elementor-widget-container\">\n\t\t\t\t\t<h2 class=\"elementor-heading-title elementor-size-default\">Tedavilerimiz<\/h2>\t\t\t\t<\/div>\n\t\t\t\t<\/div>\n\t\t\t\t<div class=\"elementor-element elementor-element-e320c90 elementor-invisible elementor-widget elementor-widget-text-editor\" data-id=\"e320c90\" data-element_type=\"widget\" data-settings=\"{&quot;_animation&quot;:&quot;fadeIn&quot;}\" data-widget_type=\"text-editor.default\">\n\t\t\t\t<div class=\"elementor-widget-container\">\n\t\t\t\t\t\t\t\t\t<p>\u00a0 \u00a0 \u00a0 \u00a0 Rana Medical Consultancy, kaliteli sa\u011fl\u0131k hizmetini alabilmeniz i\u00e7in<\/p><ul><li>A\u011f\u0131z ve di\u015f sa\u011fl\u0131\u011f\u0131<\/li><li>Estetik tedaviler<\/li><li>Online beslenme dan\u0131\u015fmanl\u0131\u011f\u0131<\/li><li>Online psikolojik dan\u0131\u015fmanl\u0131k<\/li><\/ul><p>\u00a0 \u00a0 \u00a0 \u00a0 alanlar\u0131nda, ba\u015far\u0131l\u0131 uzman doktorlar ve sa\u011fl\u0131k profesyonelleri ile birlikte \u00e7al\u0131\u015f\u0131yor.<span class=\"Apple-converted-space\">\u00a0<\/span><\/p><p>\u00a0 \u00a0 \u00a0 \u00a0 Tedaviler hakk\u0131nda detayl\u0131 bilgi i\u00e7in, a\u015fa\u011f\u0131daki tedaviler b\u00f6l\u00fcm\u00fcn\u00fc inceleyebilirsiniz.<\/p>\t\t\t\t\t\t\t\t<\/div>\n\t\t\t\t<\/div>\n\t\t\t\t<div class=\"elementor-element elementor-element-5d4bc860 elementor-widget-divider--view-line elementor-widget elementor-widget-divider\" data-id=\"5d4bc860\" data-element_type=\"widget\" data-widget_type=\"divider.default\">\n\t\t\t\t<div class=\"elementor-widget-container\">\n\t\t\t\t\t\t\t<div class=\"elementor-divider\">\n\t\t\t<span class=\"elementor-divider-separator\">\n\t\t\t\t\t\t<\/span>\n\t\t<\/div>\n\t\t\t\t\t\t<\/div>\n\t\t\t\t<\/div>\n\t\t\t\t<div class=\"elementor-element elementor-element-22fa968b pictures-cities elementor-widget elementor-widget-eael-image-accordion\" data-id=\"22fa968b\" data-element_type=\"widget\" data-widget_type=\"eael-image-accordion.default\">\n\t\t\t\t<div class=\"elementor-widget-container\">\n\t\t\t\t\t    <div class=\"eael-img-accordion accordion-direction-horizontal eael-img-accordion-horizontal-align-center eael-img-accordion-vertical-align-center\" id=\"eael-img-accordion-22fa968b\" data-img-accordion-id=\"22fa968b\" data-img-accordion-type=\"on-hover\">\n                    \n            <div class=\"eael-image-accordion-hover eael-image-accordion-item\" style=\"background-image: url(https:\/\/ranamedical.co.uk\/wp-content\/uploads\/2021\/08\/dentist.jpg);\"  tabindex=\"0\">\n                <div class=\"overlay\">\n                    <div class=\"overlay-inner\">\n                        <a href=\"\/tr\/dental\/\"><h2 class=\"img-accordion-title\">Di\u015f Tedavileri<\/h2><\/a>                            <p><p>Daha fazla bilgi i\u00e7in l\u00fctfen t\u0131klay\u0131n\u0131z<\/p><\/p>\n                                            <\/div>\n                <\/div>\n            <\/div>\n                    \n            <div class=\"eael-image-accordion-hover eael-image-accordion-item\" style=\"background-image: url(https:\/\/ranamedical.co.uk\/wp-content\/uploads\/2021\/08\/aesthetics.jpg);\"  tabindex=\"0\">\n                <div class=\"overlay\">\n                    <div class=\"overlay-inner\">\n                        <a href=\"\/tr\/aesthetics\/\"><h2 class=\"img-accordion-title\">Estetik<\/h2><\/a>                            <p><p>Daha fazla bilgi i\u00e7in l\u00fctfen t\u0131klay\u0131n\u0131z<\/p><\/p>\n                                            <\/div>\n                <\/div>\n            <\/div>\n                    \n            <div class=\"eael-image-accordion-hover eael-image-accordion-item\" style=\"background-image: url(https:\/\/ranamedical.co.uk\/wp-content\/uploads\/2021\/08\/nutrition.jpg);\"  tabindex=\"0\">\n                <div class=\"overlay\">\n                    <div class=\"overlay-inner\">\n                        <a href=\"\/tr\/nutrition-counselling\/\"><h2 class=\"img-accordion-title\">Online Beslenme Dan\u0131\u015fmanl\u0131\u011f\u0131<\/h2><\/a>                            <p><p>Daha fazla bilgi i\u00e7in l\u00fctfen t\u0131klay\u0131n\u0131z<\/p><\/p>\n                                            <\/div>\n                <\/div>\n            <\/div>\n                    \n            <div class=\"eael-image-accordion-hover eael-image-accordion-item\" style=\"background-image: url(https:\/\/ranamedical.co.uk\/wp-content\/uploads\/2021\/08\/psychology.jpg);\"  tabindex=\"0\">\n                <div class=\"overlay\">\n                    <div class=\"overlay-inner\">\n                        <a href=\"\/tr\/psychological-counselling\/\"><h2 class=\"img-accordion-title\">Online psikolojik dan\u0131\u015fmanl\u0131k<\/h2><\/a>                            <p><p>Daha fazla bilgi i\u00e7in l\u00fctfen t\u0131klay\u0131n\u0131z<\/p><\/p>\n                                            <\/div>\n                <\/div>\n            <\/div>\n                <\/div>\n        <style typr=\"text\/css\">\n                    #eael-img-accordion-22fa968b .eael-image-accordion-hover:hover {\n                        flex: 3 1 0% !important;\n                    }\n                    #eael-img-accordion-22fa968b .eael-image-accordion-hover:hover:hover .overlay-inner * {\n                        opacity: 1;\n                        visibility: visible;\n                        transform: none;\n                        transition: all .3s .3s;\n                    }\n                <\/style>\t\t\t\t<\/div>\n\t\t\t\t<\/div>\n\t\t\t\t\t<\/div>\n\t\t<\/div>\n\t\t\t\t\t<\/div>\n\t\t<\/section>\n\t\t\t\t<\/div>","protected":false},"excerpt":{"rendered":"<p>TREATMENTS TREATMENTS About Our Treatment Services \u00a0 \u00a0 \u00a0 \u00a0 Everyone has health-related questions, the most important step of our treatments is to make you feel safe. Whenever you need, you can consult our specialist physicians about your health. \u00a0 \u00a0 \u00a0 \u00a0 Our doctors will greet you in your first contact with us. After [&hellip;]<\/p>","protected":false},"author":1,"featured_media":0,"parent":0,"menu_order":0,"comment_status":"closed","ping_status":"closed","template":"elementor_header_footer","meta":{"footnotes":""},"class_list":["post-672","page","type-page","status-publish","hentry"],"_links":{"self":[{"href":"https:\/\/ranamedical.co.uk\/tr\/wp-json\/wp\/v2\/pages\/672","targetHints":{"allow":["GET"]}}],"collection":[{"href":"https:\/\/ranamedical.co.uk\/tr\/wp-json\/wp\/v2\/pages"}],"about":[{"href":"https:\/\/ranamedical.co.uk\/tr\/wp-json\/wp\/v2\/types\/page"}],"author":[{"embeddable":true,"href":"https:\/\/ranamedical.co.uk\/tr\/wp-json\/wp\/v2\/users\/1"}],"replies":[{"embeddable":true,"href":"https:\/\/ranamedical.co.uk\/tr\/wp-json\/wp\/v2\/comments?post=672"}],"version-history":[{"count":38,"href":"https:\/\/ranamedical.co.uk\/tr\/wp-json\/wp\/v2\/pages\/672\/revisions"}],"predecessor-version":[{"id":1270,"href":"https:\/\/ranamedical.co.uk\/tr\/wp-json\/wp\/v2\/pages\/672\/revisions\/1270"}],"wp:attachment":[{"href":"https:\/\/ranamedical.co.uk\/tr\/wp-json\/wp\/v2\/media?parent=672"}],"curies":[{"name":"wp","href":"https:\/\/api.w.org\/{rel}","templated":true}]}}